{"id":18,"date":"2026-05-11T10:56:34","date_gmt":"2026-05-11T08:56:34","guid":{"rendered":"https:\/\/nw2lastkingdom.hu\/?page_id=18"},"modified":"2026-05-15T10:33:18","modified_gmt":"2026-05-15T08:33:18","slug":"home","status":"publish","type":"page","link":"https:\/\/nw2lastkingdom.hu\/","title":{"rendered":"Home"},"content":{"rendered":"\t\t<div data-elementor-type=\"wp-page\" data-elementor-id=\"18\" class=\"elementor elementor-18\">\n\t\t\t\t<div class=\"elementor-element elementor-element-75be765f e-flex e-con-boxed e-con e-parent\" data-id=\"75be765f\" data-element_type=\"container\" data-e-type=\"container\">\n\t\t\t\t\t<div class=\"e-con-inner\">\n\t\t\t\t\t<\/div>\n\t\t\t\t<\/div>\n\t\t<div class=\"elementor-element elementor-element-4b5885c7 e-con-full e-flex e-con e-parent\" data-id=\"4b5885c7\" data-element_type=\"container\" data-e-type=\"container\" data-settings=\"{&quot;background_background&quot;:&quot;classic&quot;}\">\n\t\t\t\t<div class=\"elementor-element elementor-element-11623b99 elementor-widget__width-initial elementor-widget-tablet__width-inherit elementor-widget elementor-widget-image\" data-id=\"11623b99\" data-element_type=\"widget\" data-e-type=\"widget\" data-widget_type=\"image.default\">\n\t\t\t\t\t\t\t\t\t\t\t\t\t\t\t<img fetchpriority=\"high\" decoding=\"async\" width=\"1024\" height=\"683\" src=\"https:\/\/nw2lastkingdom.hu\/wp-content\/uploads\/2026\/05\/LastKingdom_klan_hirdeto-2-1024x683.png\" class=\"attachment-large size-large wp-image-23\" alt=\"\" srcset=\"https:\/\/nw2lastkingdom.hu\/wp-content\/uploads\/2026\/05\/LastKingdom_klan_hirdeto-2-1024x683.png 1024w, https:\/\/nw2lastkingdom.hu\/wp-content\/uploads\/2026\/05\/LastKingdom_klan_hirdeto-2-300x200.png 300w, https:\/\/nw2lastkingdom.hu\/wp-content\/uploads\/2026\/05\/LastKingdom_klan_hirdeto-2-768x512.png 768w, https:\/\/nw2lastkingdom.hu\/wp-content\/uploads\/2026\/05\/LastKingdom_klan_hirdeto-2.png 1536w\" sizes=\"(max-width: 1024px) 100vw, 1024px\" \/>\t\t\t\t\t\t\t\t\t\t\t\t\t\t\t<\/div>\n\t\t<div class=\"elementor-element elementor-element-3bfeca4d e-con-full e-flex e-con e-child\" data-id=\"3bfeca4d\" data-element_type=\"container\" data-e-type=\"container\" data-settings=\"{&quot;background_background&quot;:&quot;classic&quot;}\">\n\t\t\t\t<div class=\"elementor-element elementor-element-71df10e elementor-widget__width-initial elementor-widget elementor-widget-heading\" data-id=\"71df10e\" data-element_type=\"widget\" data-e-type=\"widget\" data-widget_type=\"heading.default\">\n\t\t\t\t\t<h2 class=\"elementor-heading-title elementor-size-default\"><img decoding=\"async\" role=\"img\" class=\"emoji\" alt=\"\ud83d\udc51\" src=\"https:\/\/s.w.org\/images\/core\/emoji\/17.0.2\/svg\/1f451.svg\"> LastKingdom <img decoding=\"async\" role=\"img\" class=\"emoji\" alt=\"\ud83d\udc51\" src=\"https:\/\/s.w.org\/images\/core\/emoji\/17.0.2\/svg\/1f451.svg\"><\/h2>\t\t\t\t<\/div>\n\t\t\t\t<div class=\"elementor-element elementor-element-12d7513 elementor-widget__width-initial elementor-widget elementor-widget-heading\" data-id=\"12d7513\" data-element_type=\"widget\" data-e-type=\"widget\" data-widget_type=\"heading.default\">\n\t\t\t\t\t<h2 class=\"elementor-heading-title elementor-size-default\">\nAhol a kezd\u0151 veter\u00e1nn\u00e1 v\u00e1lik!<\/h2>\t\t\t\t<\/div>\n\t\t\t\t<div class=\"elementor-element elementor-element-11770d37 elementor-widget__width-initial elementor-widget elementor-widget-text-editor\" data-id=\"11770d37\" data-element_type=\"widget\" data-e-type=\"widget\" data-widget_type=\"text-editor.default\">\n\t\t\t\t\t\t\t\t\t<p><strong>Kl\u00e1n szintje jelenleg: 23 (folyamatos fejl\u0151d\u00e9s)<\/strong><\/p><p><strong>\u00a0Amit k\u00edn\u00e1lunk:<\/strong><\/p><p>\u2013 Akt\u00edv, seg\u00edt\u0151k\u00e9sz k\u00f6z\u00f6ss\u00e9g<\/p><p>\u2013 K\u00f6z\u00f6s Discord szerver<\/p><p>\u2013 Kezd\u0151 j\u00e1t\u00e9kosok t\u00e1mogat\u00e1sa<\/p><p>\u2013 Hasznos inform\u00e1ci\u00f3s csatorn\u00e1k<\/p><p>\u2013 Kl\u00e1n exped\u00edci\u00f3k \u00e9s k\u00f6z\u00f6s runok<\/p><p><strong>\u00a0Ad\u00f3:<br \/><\/strong>\u2013 Lv. 1 &#8211; 169: 0% (0 r\u00fad)<\/p><p>\u2013 Lv. 170 &#8211; 224: 50% (1500 r\u00fad\/h\u00e9t)<\/p><p>\u2013 Lv. 225+: 100% (3000 r\u00fad\/h\u00e9t)<\/p><p><strong>Amit elv\u00e1runk:<\/strong><\/p><p>Nincs szigor\u00fa bel\u00e9p\u00e9si felt\u00e9tel, csak az ad\u00f3 v\u00e1llal\u00e1sa \u00e9s hozz\u00e1j\u00e1rul\u00e1s a kl\u00e1n k\u00fcldet\u00e9sekhez<\/p><p>\u2013 Discord csatlakoz\u00e1s k\u00f6telez\u0151 (inform\u00e1ci\u00f3k miatt)<\/p><p>\u2013 Kommunik\u00e1ci\u00f3 legal\u00e1bb \u00edr\u00e1sban<\/p><p>\u2013 Aktivit\u00e1s<\/p><p>\u2013 \u00d6n\u00e1ll\u00f3s\u00e1g + csapatj\u00e1t\u00e9k egyens\u00falya \u00a0<\/p><p><strong>C\u00e9lunk:<\/strong><\/p><p>Nem csak er\u0151s kl\u00e1nt \u00e9p\u00edteni, hanem egy stabil, \u00f6sszetart\u00f3 k\u00f6z\u00f6ss\u00e9get, ahol mindenki j\u00f3l \u00e9rzi mag\u00e1t a kezd\u0151t\u0151l eg\u00e9szen a veter\u00e1nig!<\/p>\t\t\t\t\t\t\t\t<\/div>\n\t\t\t\t<div class=\"elementor-element elementor-element-596bcf0f elementor-align-center elementor-tablet-align-center elementor-widget__width-initial elementor-widget elementor-widget-button\" data-id=\"596bcf0f\" data-element_type=\"widget\" data-e-type=\"widget\" data-widget_type=\"button.default\">\n\t\t\t\t\t\t\t\t\t\t<a class=\"elementor-button elementor-button-link elementor-size-sm elementor-animation-grow\" href=\"#\">\n\t\t\t\t\t\t<span class=\"elementor-button-content-wrapper\">\n\t\t\t\t\t\t\t\t\t<span class=\"elementor-button-text\">Jelentkez\u00e9s<\/span>\n\t\t\t\t\t<\/span>\n\t\t\t\t\t<\/a>\n\t\t\t\t\t\t\t\t<\/div>\n\t\t\t\t<\/div>\n\t\t\t\t<\/div>\n\t\t\t\t<\/div>\n\t\t","protected":false},"excerpt":{"rendered":"<p>LastKingdom Ahol a kezd\u0151 veter\u00e1nn\u00e1 v\u00e1lik! Kl\u00e1n szintje jelenleg: 23 (folyamatos fejl\u0151d\u00e9s) \u00a0Amit k\u00edn\u00e1lunk: \u2013 Akt\u00edv, seg\u00edt\u0151k\u00e9sz k\u00f6z\u00f6ss\u00e9g \u2013 K\u00f6z\u00f6s [&hellip;]<\/p>\n","protected":false},"author":1,"featured_media":0,"parent":0,"menu_order":0,"comment_status":"closed","ping_status":"closed","template":"elementor_header_footer","meta":{"_uag_custom_page_level_css":"","site-sidebar-layout":"default","site-content-layout":"","ast-site-content-layout":"default","site-content-style":"default","site-sidebar-style":"default","ast-global-header-display":"","ast-banner-title-visibility":"","ast-main-header-display":"","ast-hfb-above-header-display":"","ast-hfb-below-header-display":"","ast-hfb-mobile-header-display":"","site-post-title":"","ast-breadcrumbs-content":"","ast-featured-img":"","footer-sml-layout":"","ast-disable-related-posts":"","theme-transparent-header-meta":"","adv-header-id-meta":"","stick-header-meta":"","header-above-stick-meta":"","header-main-stick-meta":"","header-below-stick-meta":"","astra-migrate-meta-layouts":"default","ast-page-background-enabled":"default","ast-page-background-meta":{"desktop":{"background-color":"var(--ast-global-color-5)","background-image":"","background-repeat":"repeat","background-position":"center center","background-size":"auto","background-attachment":"scroll","background-type":"","background-media":"","overlay-type":"","overlay-color":"","overlay-opacity":"","overlay-gradient":""},"tablet":{"background-color":"","background-image":"","background-repeat":"repeat","background-position":"center center","background-size":"auto","background-attachment":"scroll","background-type":"","background-media":"","overlay-type":"","overlay-color":"","overlay-opacity":"","overlay-gradient":""},"mobile":{"background-color":"","background-image":"","background-repeat":"repeat","background-position":"center center","background-size":"auto","background-attachment":"scroll","background-type":"","background-media":"","overlay-type":"","overlay-color":"","overlay-opacity":"","overlay-gradient":""}},"ast-content-background-meta":{"desktop":{"background-color":"var(--ast-global-color-4)","background-image":"","background-repeat":"repeat","background-position":"center center","background-size":"auto","background-attachment":"scroll","background-type":"","background-media":"","overlay-type":"","overlay-color":"","overlay-opacity":"","overlay-gradient":""},"tablet":{"background-color":"var(--ast-global-color-4)","background-image":"","background-repeat":"repeat","background-position":"center center","background-size":"auto","background-attachment":"scroll","background-type":"","background-media":"","overlay-type":"","overlay-color":"","overlay-opacity":"","overlay-gradient":""},"mobile":{"background-color":"var(--ast-global-color-4)","background-image":"","background-repeat":"repeat","background-position":"center center","background-size":"auto","background-attachment":"scroll","background-type":"","background-media":"","overlay-type":"","overlay-color":"","overlay-opacity":"","overlay-gradient":""}},"footnotes":""},"class_list":["post-18","page","type-page","status-publish","hentry"],"uagb_featured_image_src":{"full":false,"thumbnail":false,"medium":false,"medium_large":false,"large":false,"1536x1536":false,"2048x2048":false},"uagb_author_info":{"display_name":"krevo","author_link":"https:\/\/nw2lastkingdom.hu\/?author=1"},"uagb_comment_info":0,"uagb_excerpt":"LastKingdom Ahol a kezd\u0151 veter\u00e1nn\u00e1 v\u00e1lik! Kl\u00e1n szintje jelenleg: 23 (folyamatos fejl\u0151d\u00e9s) \u00a0Amit k\u00edn\u00e1lunk: \u2013 Akt\u00edv, seg\u00edt\u0151k\u00e9sz k\u00f6z\u00f6ss\u00e9g \u2013 K\u00f6z\u00f6s [&hellip;]","_links":{"self":[{"href":"https:\/\/nw2lastkingdom.hu\/index.php?rest_route=\/wp\/v2\/pages\/18","targetHints":{"allow":["GET"]}}],"collection":[{"href":"https:\/\/nw2lastkingdom.hu\/index.php?rest_route=\/wp\/v2\/pages"}],"about":[{"href":"https:\/\/nw2lastkingdom.hu\/index.php?rest_route=\/wp\/v2\/types\/page"}],"author":[{"embeddable":true,"href":"https:\/\/nw2lastkingdom.hu\/index.php?rest_route=\/wp\/v2\/users\/1"}],"replies":[{"embeddable":true,"href":"https:\/\/nw2lastkingdom.hu\/index.php?rest_route=%2Fwp%2Fv2%2Fcomments&post=18"}],"version-history":[{"count":19,"href":"https:\/\/nw2lastkingdom.hu\/index.php?rest_route=\/wp\/v2\/pages\/18\/revisions"}],"predecessor-version":[{"id":81,"href":"https:\/\/nw2lastkingdom.hu\/index.php?rest_route=\/wp\/v2\/pages\/18\/revisions\/81"}],"wp:attachment":[{"href":"https:\/\/nw2lastkingdom.hu\/index.php?rest_route=%2Fwp%2Fv2%2Fmedia&parent=18"}],"curies":[{"name":"wp","href":"https:\/\/api.w.org\/{rel}","templated":true}]}}